{"id":8119,"date":"2025-04-30T12:38:35","date_gmt":"2025-04-30T11:38:35","guid":{"rendered":"https:\/\/carbon-modifications.com\/?post_type=product&#038;p=8119"},"modified":"2026-04-23T17:22:10","modified_gmt":"2026-04-23T16:22:10","slug":"steering-wheel-carbon-configurator","status":"publish","type":"product","link":"https:\/\/carbon-modifications.com\/en\/produkt\/lenkrad-carbon-konfigurator\/","title":{"rendered":"Carbon steering wheel configurator"},"content":{"rendered":"<p data-sourcepos=\"3:1-3:49\"><strong>Discover our unique carbon steering wheels with maximum individuality<\/strong><\/p>\n<p data-sourcepos=\"5:1-5:230\">Imagine equipping your vehicle with a touch of motorsport. With our handmade carbon components, this dream comes true. Each part is carefully crafted by hand and is as individual as your vehicle.<\/p>\n<p data-sourcepos=\"7:1-7:56\"><strong>Why you should choose our carbon:<\/strong><\/p>\n<ul data-sourcepos=\"9:1-13:0\">\n<li data-sourcepos=\"9:1-9:78\"><strong>Perfect fit:<\/strong> Our parts adapt seamlessly to your vehicle.<\/li>\n<li data-sourcepos=\"10:1-10:92\"><strong>Highest quality:<\/strong> We use only the best materials and pay attention to every detail.<\/li>\n<li data-sourcepos=\"11:1-11:115\"><strong>Versatile application possibilities:<\/strong> Whether it's a sports car or an everyday car - we have the right part for you.<\/li>\n<li data-sourcepos=\"12:1-13:0\"><strong>Sustainability:<\/strong> Our production is environmentally friendly.<\/li>\n<\/ul>\n<p data-sourcepos=\"14:1-14:22\"><strong>It's as simple as that:<\/strong><\/p>\n<ol data-sourcepos=\"16:1-19:0\">\n<li data-sourcepos=\"16:1-16:33\">Select your desired options.<\/li>\n<li data-sourcepos=\"17:1-17:44\">We make it especially for you.<\/li>\n<li data-sourcepos=\"18:1-19:0\">You will receive your new carbon steering wheel and can install it immediately.<\/li>\n<\/ol>\n<p data-sourcepos=\"20:1-20:90\"><strong>Give your vehicle an individual touch and experience the fascination of carbon with the custom wheels from Carbon Modifications.<\/strong><\/p>\n<p data-sourcepos=\"22:1-22:30\"><strong>What does that mean for you?<\/strong><\/p>\n<ul data-sourcepos=\"24:1-28:0\">\n<li data-sourcepos=\"24:1-24:79\">More sportiness: A more dynamic appearance for your vehicle.<\/li>\n<li data-sourcepos=\"25:1-25:81\">Higher value: high-quality materials for a luxurious driving experience.<\/li>\n<li data-sourcepos=\"26:1-26:65\">Durability: enjoy your carbon part for many years to come.<\/li>\n<li data-sourcepos=\"27:1-28:0\">A good feeling: you are contributing to sustainable production.<\/li>\n<\/ul>\n<p data-sourcepos=\"29:1-29:60\"><strong>See the quality of our products for yourself!<\/strong><\/p>","protected":false},"excerpt":{"rendered":"<p>Entdecke unsere einzigartigen Carbonlenkr\u00e4der mit h\u00f6chster Individualit\u00e4t Stell dir vor,  [&#8230;]<\/p>\n","protected":false},"featured_media":8562,"comment_status":"closed","ping_status":"closed","template":"","meta":[],"product_brand":[],"product_cat":[203,423,485,327,448,524,391,461,204,424,497,328,449,404,462,205,427,498,378,451,405,468,206,428,499,381,452,406,469,207,429,510,382,453,411,470,208,430,512,385,454,412,471,209,434,513,386,455,198,413,473,210,435,515,387,456,199,420,474,211,442,517,388,457,201,421,475,212,443,518,389,458,202,422,476,326,444,519,390,460],"product_tag":[],"class_list":{"0":"post-8119","1":"product","2":"type-product","3":"status-publish","4":"has-post-thumbnail","6":"product_cat-bmw-f22-f23","7":"product_cat-scirocco-r","8":"product_cat-porsche-991-gt2rs","9":"product_cat-formentor-vorfacelift","10":"product_cat-slk-r171","11":"product_cat-997-turbo-gt2-gt3-gt3rs","12":"product_cat-alfa-romeo-164","13":"product_cat-toyota","14":"product_cat-cupra","15":"product_cat-x3-x3m-competition","16":"product_cat-skoda","17":"product_cat-leon-leonst-5f","18":"product_cat-glc-x253","19":"product_cat-nissan","20":"product_cat-supra-mk4","21":"product_cat-leon-leon-st-vorfacelift","22":"product_cat-polo-gti-6r","23":"product_cat-skoda-enyaq-carbon-autoteile","24":"product_cat-volkswagen","25":"product_cat-e-klasse-w212","26":"product_cat-370z-nismo","27":"product_cat-golf-8-r-gti-gte-gtd","28":"product_cat-mercedes","29":"product_cat-ateca","30":"product_cat-hyundai","31":"product_cat-golf-7","32":"product_cat-a3-rs3-8v","33":"product_cat-nissan-gtr-carbon","34":"product_cat-e81-e82-e87-e88","35":"product_cat-g-klasse-w463a","36":"product_cat-f82-m4","37":"product_cat-mercedes-g-klasse-w465-carbonteile-kaufen-carbon-modifications","38":"product_cat-c-klasse-w205","39":"product_cat-a6-c8","40":"product_cat-t5-2-multivan","41":"product_cat-f30-f31-f32-f33-f34-f35","42":"product_cat-formentor_facelift","43":"product_cat-golf-5-r32-gti-gt","44":"product_cat-alfa-romeo-brera-939","45":"product_cat-audi-r8-facelift","46":"product_cat-f90-m5","47":"product_cat-lamborghini","48":"product_cat-z4-g29","49":"product_cat-glb-x247","50":"product_cat-maserati","51":"product_cat-f87-m2","52":"product_cat-audi-r8-vorfacelift","53":"product_cat-porsche","54":"product_cat-finished-parts-fertigteile","55":"product_cat-lamborghini-gallardo","56":"product_cat-cla-a-klasse","57":"product_cat-e46","58":"product_cat-granturismo-mc-stradale","59":"product_cat-amg-gt-r-s","60":"product_cat-audi-rs4-b5","61":"product_cat-subaru","62":"product_cat-audi","63":"product_cat-s4-a4-b8-8k","64":"product_cat-porsche-992-carrera-gt3-turbo","65":"product_cat-e90","66":"product_cat-a3-rs3-8y","67":"product_cat-a4-rs4-s4-b9","68":"product_cat-audi-sq5","69":"product_cat-wrx-sti","70":"product_cat-bmw","71":"product_cat-rs6-a6-4g","72":"product_cat-alfa-romeo-gtv","73":"product_cat-z4-e89","74":"product_cat-e-klasse-c238","75":"product_cat-corvette","76":"product_cat-audi-tt-8j","77":"product_cat-porsche-981-cayman","78":"product_cat-f20-f21","79":"product_cat-golf-6-r-gti-gtd","80":"product_cat-porschen-718-cayman-gt4-rs","81":"product_cat-leon-leon-st-facelift","82":"product_cat-sl-r230-sl63-amg","83":"product_cat-corvette-z06-c7","84":"product_cat-alfa-romeo","85":"product_cat-z4-e85","87":"first","88":"instock","89":"taxable","90":"shipping-taxable","91":"purchasable","92":"product-type-simple"},"jetpack_sharing_enabled":true,"_links":{"self":[{"href":"https:\/\/carbon-modifications.com\/en\/wp-json\/wp\/v2\/product\/8119","targetHints":{"allow":["GET"]}}],"collection":[{"href":"https:\/\/carbon-modifications.com\/en\/wp-json\/wp\/v2\/product"}],"about":[{"href":"https:\/\/carbon-modifications.com\/en\/wp-json\/wp\/v2\/types\/product"}],"replies":[{"embeddable":true,"href":"https:\/\/carbon-modifications.com\/en\/wp-json\/wp\/v2\/comments?post=8119"}],"wp:featuredmedia":[{"embeddable":true,"href":"https:\/\/carbon-modifications.com\/en\/wp-json\/wp\/v2\/media\/8562"}],"wp:attachment":[{"href":"https:\/\/carbon-modifications.com\/en\/wp-json\/wp\/v2\/media?parent=8119"}],"wp:term":[{"taxonomy":"product_brand","embeddable":true,"href":"https:\/\/carbon-modifications.com\/en\/wp-json\/wp\/v2\/product_brand?post=8119"},{"taxonomy":"product_cat","embeddable":true,"href":"https:\/\/carbon-modifications.com\/en\/wp-json\/wp\/v2\/product_cat?post=8119"},{"taxonomy":"product_tag","embeddable":true,"href":"https:\/\/carbon-modifications.com\/en\/wp-json\/wp\/v2\/product_tag?post=8119"}],"curies":[{"name":"wp","href":"https:\/\/api.w.org\/{rel}","templated":true}]}}