{"id":7761,"date":"2025-03-05T12:35:46","date_gmt":"2025-03-05T11:35:46","guid":{"rendered":"https:\/\/carbon-modifications.com\/?post_type=product&#038;p=7761"},"modified":"2026-03-06T21:48:35","modified_gmt":"2026-03-06T20:48:35","slug":"porsche-981-cayman-carbon-watch-case","status":"publish","type":"product","link":"https:\/\/carbon-modifications.com\/en\/produkt\/porsche-981-cayman-carbon-uhrengehaeuse\/","title":{"rendered":"Porsche 981 Cayman watch case - Premium Carbon Upgrade"},"content":{"rendered":"<p class=\"mb-3 text-sm last:mb-0\"><strong class=\"font-semibold\">Porsche 981 Cayman Uhrengeh\u00e4use \u2013 Das perfekte Upgrade f\u00fcr dein Interieur<\/strong><\/p>\n<p class=\"mb-3 text-sm last:mb-0\">Verleihe deinem Porsche 981 Cayman eine sportliche und luxuri\u00f6se Note mit unserem\u00a0<strong class=\"font-semibold\">Carbon Uhrengeh\u00e4use<\/strong>. Jedes Teil wird in sorgf\u00e4ltiger Handarbeit gefertigt, um h\u00f6chste Qualit\u00e4t und eine perfekte Passform zu garantieren.<\/p>\n<p class=\"mb-3 text-sm last:mb-0\"><strong class=\"font-semibold\">Warum unser Carbon Uhrengeh\u00e4use?<\/strong><\/p>\n<ol class=\"list-inside list-decimal py-1.5 pl-5xl text-sm [&amp;_ol]:py-0 [&amp;_ol]:pl-4 [&amp;_ul]:py-0 [&amp;_ul]:pl-4\">\n<li class=\"[&amp;&gt;p]:inline\"><strong class=\"font-semibold\">Perfekte Passform<\/strong>: Ma\u00dfgeschneidert f\u00fcr den Porsche 981 Cayman, nahtlose Integration in das Interieur.<\/li>\n<li class=\"[&amp;&gt;p]:inline\"><strong class=\"font-semibold\">Hochwertige Materialien<\/strong>: Carbonstruktur f\u00fcr eine edle und sportliche Optik.<\/li>\n<li class=\"[&amp;&gt;p]:inline\"><strong class=\"font-semibold\">Individuelle Anpassung<\/strong>: W\u00e4hle aus verschiedenen Gewebearten und Finish-Lackierungen.<\/li>\n<li class=\"[&amp;&gt;p]:inline\"><strong class=\"font-semibold\">Langlebigkeit<\/strong>: Robuste Verarbeitung f\u00fcr eine lange Lebensdauer.<\/li>\n<li class=\"[&amp;&gt;p]:inline\"><strong class=\"font-semibold\">Nachhaltige Produktion<\/strong>: Umweltfreundlich hergestellt mit Fokus auf Qualit\u00e4t.<\/li>\n<\/ol>\n<p class=\"mb-3 text-sm last:mb-0\"><strong class=\"font-semibold\">Technische Details:<\/strong><\/p>\n<ul class=\"list-inside list-disc py-1.5 pl-5xl text-sm [&amp;_ol]:py-0 [&amp;_ol]:pl-4 [&amp;_ul]:py-0 [&amp;_ul]:pl-4\">\n<li class=\"[&amp;&gt;p]:inline\"><strong class=\"font-semibold\">Material<\/strong>: Hochwertiges Carbon<\/li>\n<li class=\"[&amp;&gt;p]:inline\"><strong class=\"font-semibold\">Kompatibilit\u00e4t<\/strong>: Porsche 981 Cayman Modelle<\/li>\n<li class=\"[&amp;&gt;p]:inline\"><strong class=\"font-semibold\">Optionen<\/strong>: Verschiedene Gewebearten und Lackierungen verf\u00fcgbar<\/li>\n<li class=\"[&amp;&gt;p]:inline\"><strong class=\"font-semibold\">Verarbeitung<\/strong>: Handgefertigt in Deutschland<\/li>\n<\/ul>\n<p class=\"mb-3 text-sm last:mb-0\"><strong class=\"font-semibold\">So funktioniert es:<\/strong><\/p>\n<ol class=\"list-inside list-decimal py-1.5 pl-5xl text-sm [&amp;_ol]:py-0 [&amp;_ol]:pl-4 [&amp;_ul]:py-0 [&amp;_ul]:pl-4\">\n<li class=\"[&amp;&gt;p]:inline\"><strong class=\"font-semibold\">Option 1<\/strong>: Sende deine Originalteile ein, und wir veredeln sie mit Carbon.<\/li>\n<li class=\"[&amp;&gt;p]:inline\"><strong class=\"font-semibold\">Option 2<\/strong>: Bestelle direkt fertige Teile von Carbon Modifications.<\/li>\n<\/ol>\n<p class=\"mb-3 text-sm last:mb-0\"><strong class=\"font-semibold\">Warum Carbon Modifications?<\/strong><\/p>\n<ul class=\"list-inside list-disc py-1.5 pl-5xl text-sm [&amp;_ol]:py-0 [&amp;_ol]:pl-4 [&amp;_ul]:py-0 [&amp;_ul]:pl-4\">\n<li class=\"[&amp;&gt;p]:inline\">\u00dcber 10 Jahre Erfahrung in der Herstellung von Carbonteilen.<\/li>\n<li class=\"[&amp;&gt;p]:inline\">Perfekte Kombination aus Funktionalit\u00e4t und Design.<\/li>\n<li class=\"[&amp;&gt;p]:inline\">Zufriedene Kunden weltweit.<\/li>\n<\/ul>\n<p class=\"mb-3 text-sm last:mb-0\">Bestelle jetzt dein\u00a0<strong class=\"font-semibold\">Porsche 981 Cayman Uhrengeh\u00e4use<\/strong>\u00a0und erlebe die Faszination von Carbon im Innenraum deines Porsche!<\/p>\n","protected":false},"excerpt":{"rendered":"<p>Package contents:<br \/>\n1x Uhrengeh\u00e4use<\/p>\n<p>passend : Porsche 981 Cayman<\/p>","protected":false},"featured_media":7765,"comment_status":"closed","ping_status":"closed","template":"","meta":[],"product_brand":[],"product_cat":[455,458,198],"product_tag":[],"class_list":{"0":"post-7761","1":"product","2":"type-product","3":"status-publish","4":"has-post-thumbnail","6":"product_cat-porsche","7":"product_cat-981-cayman","8":"product_cat-finished-parts-fertigteile","9":"product_shipping_class-standardversand","11":"first","12":"instock","13":"taxable","14":"shipping-taxable","15":"purchasable","16":"product-type-simple"},"jetpack_sharing_enabled":true,"_links":{"self":[{"href":"https:\/\/carbon-modifications.com\/en\/wp-json\/wp\/v2\/product\/7761","targetHints":{"allow":["GET"]}}],"collection":[{"href":"https:\/\/carbon-modifications.com\/en\/wp-json\/wp\/v2\/product"}],"about":[{"href":"https:\/\/carbon-modifications.com\/en\/wp-json\/wp\/v2\/types\/product"}],"replies":[{"embeddable":true,"href":"https:\/\/carbon-modifications.com\/en\/wp-json\/wp\/v2\/comments?post=7761"}],"wp:featuredmedia":[{"embeddable":true,"href":"https:\/\/carbon-modifications.com\/en\/wp-json\/wp\/v2\/media\/7765"}],"wp:attachment":[{"href":"https:\/\/carbon-modifications.com\/en\/wp-json\/wp\/v2\/media?parent=7761"}],"wp:term":[{"taxonomy":"product_brand","embeddable":true,"href":"https:\/\/carbon-modifications.com\/en\/wp-json\/wp\/v2\/product_brand?post=7761"},{"taxonomy":"product_cat","embeddable":true,"href":"https:\/\/carbon-modifications.com\/en\/wp-json\/wp\/v2\/product_cat?post=7761"},{"taxonomy":"product_tag","embeddable":true,"href":"https:\/\/carbon-modifications.com\/en\/wp-json\/wp\/v2\/product_tag?post=7761"}],"curies":[{"name":"wp","href":"https:\/\/api.w.org\/{rel}","templated":true}]}}