{"id":7433,"date":"2025-02-14T21:02:27","date_gmt":"2025-02-14T20:02:27","guid":{"rendered":"https:\/\/carbon-modifications.com\/?post_type=product&#038;p=7433"},"modified":"2026-03-09T00:11:10","modified_gmt":"2026-03-08T23:11:10","slug":"audi-rs3-8v-carbon-trim-set","status":"publish","type":"product","link":"https:\/\/carbon-modifications.com\/en\/produkt\/audi-rs3-8v-carbon-dekorleistenset\/","title":{"rendered":"Audi RS3 8V Carbon decorative trim set - Premium interior upgrade"},"content":{"rendered":"<p class=\"mb-3 text-sm last:mb-0\"><strong class=\"font-semibold\">Audi RS3 8V Carbon Dekorleistenset \u2013 Das perfekte Upgrade f\u00fcr dein Interieur<\/strong><\/p>\n<p class=\"mb-3 text-sm last:mb-0\">Verleihe deinem Audi RS3 8V eine sportliche und luxuri\u00f6se Note mit unserem\u00a0<strong class=\"font-semibold\">Carbon Dekorleistenset<\/strong>. Jedes Teil wird in sorgf\u00e4ltiger Handarbeit gefertigt, um h\u00f6chste Qualit\u00e4t und eine perfekte Passform zu garantieren.<\/p>\n<p class=\"mb-3 text-sm last:mb-0\"><strong class=\"font-semibold\">Warum unser Carbon Dekorleistenset?<\/strong><\/p>\n<ol class=\"list-inside list-decimal py-1.5 pl-5xl text-sm [&amp;_ol]:py-0 [&amp;_ol]:pl-4 [&amp;_ul]:py-0 [&amp;_ul]:pl-4\">\n<li class=\"[&amp;&gt;p]:inline\"><strong class=\"font-semibold\">Perfekte Passform<\/strong>: Ma\u00dfgeschneidert f\u00fcr den Audi RS3 8V, nahtlose Integration in das Interieur.<\/li>\n<li class=\"[&amp;&gt;p]:inline\"><strong class=\"font-semibold\">Hochwertige Materialien<\/strong>: Carbonstruktur f\u00fcr eine edle und sportliche Optik.<\/li>\n<li class=\"[&amp;&gt;p]:inline\"><strong class=\"font-semibold\">Individuelle Anpassung<\/strong>: W\u00e4hle aus verschiedenen Gewebearten und Finish-Lackierungen.<\/li>\n<li class=\"[&amp;&gt;p]:inline\"><strong class=\"font-semibold\">Langlebigkeit<\/strong>: Robuste Verarbeitung f\u00fcr eine lange Lebensdauer.<\/li>\n<li class=\"[&amp;&gt;p]:inline\"><strong class=\"font-semibold\">Nachhaltige Produktion<\/strong>: Umweltfreundlich hergestellt mit Fokus auf Qualit\u00e4t.<\/li>\n<\/ol>\n<p class=\"mb-3 text-sm last:mb-0\"><strong class=\"font-semibold\">Technische Details:<\/strong><\/p>\n<ul class=\"list-inside list-disc py-1.5 pl-5xl text-sm [&amp;_ol]:py-0 [&amp;_ol]:pl-4 [&amp;_ul]:py-0 [&amp;_ul]:pl-4\">\n<li class=\"[&amp;&gt;p]:inline\"><strong class=\"font-semibold\">Material<\/strong>: Hochwertiges Carbon<\/li>\n<li class=\"[&amp;&gt;p]:inline\"><strong class=\"font-semibold\">Kompatibilit\u00e4t<\/strong>: Audi RS3 8V Modelle<\/li>\n<li class=\"[&amp;&gt;p]:inline\"><strong class=\"font-semibold\">Optionen<\/strong>: Verschiedene Gewebearten und Lackierungen verf\u00fcgbar<\/li>\n<li class=\"[&amp;&gt;p]:inline\"><strong class=\"font-semibold\">Verarbeitung<\/strong>: Handgefertigt in Deutschland<\/li>\n<\/ul>\n<p class=\"mb-3 text-sm last:mb-0\"><strong class=\"font-semibold\">So funktioniert es:<\/strong><\/p>\n<ol class=\"list-inside list-decimal py-1.5 pl-5xl text-sm [&amp;_ol]:py-0 [&amp;_ol]:pl-4 [&amp;_ul]:py-0 [&amp;_ul]:pl-4\">\n<li class=\"[&amp;&gt;p]:inline\"><strong class=\"font-semibold\">Option 1<\/strong>: Sende deine Originalteile ein, und wir veredeln sie mit Carbon.<\/li>\n<li class=\"[&amp;&gt;p]:inline\"><strong class=\"font-semibold\">Option 2<\/strong>: Bestelle direkt fertige Teile von Carbon Modifications.<\/li>\n<\/ol>\n<p class=\"mb-3 text-sm last:mb-0\"><strong class=\"font-semibold\">Warum Carbon Modifications?<\/strong><\/p>\n<ul class=\"list-inside list-disc py-1.5 pl-5xl text-sm [&amp;_ol]:py-0 [&amp;_ol]:pl-4 [&amp;_ul]:py-0 [&amp;_ul]:pl-4\">\n<li class=\"[&amp;&gt;p]:inline\">\u00dcber 10 Jahre Erfahrung in der Herstellung von Carbonteilen.<\/li>\n<li class=\"[&amp;&gt;p]:inline\">Perfekte Kombination aus Funktionalit\u00e4t und Design.<\/li>\n<li class=\"[&amp;&gt;p]:inline\">Zufriedene Kunden weltweit.<\/li>\n<\/ul>\n<p class=\"mb-3 text-sm last:mb-0\">Bestelle jetzt dein\u00a0<strong class=\"font-semibold\">Audi RS3 8V Carbon Dekorleistenset<\/strong>\u00a0und erlebe die Faszination von Carbon im Innenraum deines Audi RS3!<\/p>\n","protected":false},"excerpt":{"rendered":"<p>Scope of delivery : 1x Audi RS3 8V carbon trim set ( see picture )<\/p>","protected":false},"featured_media":7435,"comment_status":"closed","ping_status":"closed","template":"","meta":[],"product_brand":[],"product_cat":[452,198,199],"product_tag":[367,368,369,370,348,371,349,372,350,373,352,374,353,375,354,376,355],"class_list":{"0":"post-7433","1":"product","2":"type-product","3":"status-publish","4":"has-post-thumbnail","6":"product_cat-a3-rs3-8v","7":"product_cat-finished-parts-fertigteile","8":"product_cat-audi","9":"product_tag-s3","10":"product_tag-s4","11":"product_tag-s5","12":"product_tag-s6","13":"product_tag-audi","14":"product_tag-a3","15":"product_tag-r8","16":"product_tag-a1","17":"product_tag-tt","18":"product_tag-a5","19":"product_tag-rs3","20":"product_tag-a4","21":"product_tag-rs4","22":"product_tag-a6","23":"product_tag-rs5","24":"product_tag-embleme","25":"product_tag-rs6","26":"product_shipping_class-standardversand","28":"first","29":"instock","30":"taxable","31":"shipping-taxable","32":"purchasable","33":"product-type-simple"},"jetpack_sharing_enabled":true,"_links":{"self":[{"href":"https:\/\/carbon-modifications.com\/en\/wp-json\/wp\/v2\/product\/7433","targetHints":{"allow":["GET"]}}],"collection":[{"href":"https:\/\/carbon-modifications.com\/en\/wp-json\/wp\/v2\/product"}],"about":[{"href":"https:\/\/carbon-modifications.com\/en\/wp-json\/wp\/v2\/types\/product"}],"replies":[{"embeddable":true,"href":"https:\/\/carbon-modifications.com\/en\/wp-json\/wp\/v2\/comments?post=7433"}],"wp:featuredmedia":[{"embeddable":true,"href":"https:\/\/carbon-modifications.com\/en\/wp-json\/wp\/v2\/media\/7435"}],"wp:attachment":[{"href":"https:\/\/carbon-modifications.com\/en\/wp-json\/wp\/v2\/media?parent=7433"}],"wp:term":[{"taxonomy":"product_brand","embeddable":true,"href":"https:\/\/carbon-modifications.com\/en\/wp-json\/wp\/v2\/product_brand?post=7433"},{"taxonomy":"product_cat","embeddable":true,"href":"https:\/\/carbon-modifications.com\/en\/wp-json\/wp\/v2\/product_cat?post=7433"},{"taxonomy":"product_tag","embeddable":true,"href":"https:\/\/carbon-modifications.com\/en\/wp-json\/wp\/v2\/product_tag?post=7433"}],"curies":[{"name":"wp","href":"https:\/\/api.w.org\/{rel}","templated":true}]}}