{"id":7051,"date":"2025-02-09T23:24:30","date_gmt":"2025-02-09T22:24:30","guid":{"rendered":"https:\/\/carbon-modifications.com\/?post_type=product&#038;p=7051"},"modified":"2026-03-13T20:02:51","modified_gmt":"2026-03-13T19:02:51","slug":"vw-golf-carbon-mirror-caps","status":"publish","type":"product","link":"https:\/\/carbon-modifications.com\/en\/produkt\/vw-golf-carbon-spiegelkappen\/","title":{"rendered":"VW Golf carbon mirror caps - premium upgrade for your vehicle"},"content":{"rendered":"<p class=\"mb-3 text-sm last:mb-0\"><strong class=\"font-semibold\">VW Golf Carbon Spiegelkappen \u2013 Das perfekte Upgrade f\u00fcr dein Fahrzeug<\/strong><\/p>\n<p class=\"mb-3 text-sm last:mb-0\">Verleihe deinem VW Golf eine sportliche und luxuri\u00f6se Note mit unseren\u00a0<strong class=\"font-semibold\">Carbon Spiegelkappen<\/strong>. Jedes Teil wird in sorgf\u00e4ltiger Handarbeit gefertigt, um h\u00f6chste Qualit\u00e4t und eine perfekte Passform zu garantieren.<\/p>\n<p class=\"mb-3 text-sm last:mb-0\"><strong class=\"font-semibold\">Warum unsere Carbon Spiegelkappen?<\/strong><\/p>\n<ol class=\"list-inside list-decimal py-1.5 pl-5xl text-sm [&amp;_ol]:py-0 [&amp;_ol]:pl-4 [&amp;_ul]:py-0 [&amp;_ul]:pl-4\">\n<li class=\"[&amp;&gt;p]:inline\"><strong class=\"font-semibold\">Perfekte Passform<\/strong>: Ma\u00dfgeschneidert f\u00fcr VW Golf-Modelle, nahtlose Integration in das Fahrzeugdesign.<\/li>\n<li class=\"[&amp;&gt;p]:inline\"><strong class=\"font-semibold\">Hochwertige Materialien<\/strong>: Carbonstruktur f\u00fcr eine edle und sportliche Optik.<\/li>\n<li class=\"[&amp;&gt;p]:inline\"><strong class=\"font-semibold\">Individuelle Anpassung<\/strong>: W\u00e4hle aus verschiedenen Gewebearten und Finish-Lackierungen.<\/li>\n<li class=\"[&amp;&gt;p]:inline\"><strong class=\"font-semibold\">Langlebigkeit<\/strong>: Robuste Verarbeitung f\u00fcr eine lange Lebensdauer.<\/li>\n<li class=\"[&amp;&gt;p]:inline\"><strong class=\"font-semibold\">Nachhaltige Produktion<\/strong>: Umweltfreundlich hergestellt mit Fokus auf Qualit\u00e4t.<\/li>\n<\/ol>\n<p class=\"mb-3 text-sm last:mb-0\"><strong class=\"font-semibold\">Technische Details:<\/strong><\/p>\n<ul class=\"list-inside list-disc py-1.5 pl-5xl text-sm [&amp;_ol]:py-0 [&amp;_ol]:pl-4 [&amp;_ul]:py-0 [&amp;_ul]:pl-4\">\n<li class=\"[&amp;&gt;p]:inline\"><strong class=\"font-semibold\">Material<\/strong>: Hochwertiges Carbon<\/li>\n<li class=\"[&amp;&gt;p]:inline\"><strong class=\"font-semibold\">Kompatibilit\u00e4t<\/strong>: VW Golf Modelle (z. B. Golf 5, Golf 6, Golf 7)<\/li>\n<li class=\"[&amp;&gt;p]:inline\"><strong class=\"font-semibold\">Optionen<\/strong>: Verschiedene Gewebearten und Lackierungen verf\u00fcgbar<\/li>\n<li class=\"[&amp;&gt;p]:inline\"><strong class=\"font-semibold\">Verarbeitung<\/strong>: Handgefertigt in Deutschland<\/li>\n<\/ul>\n<p class=\"mb-3 text-sm last:mb-0\"><strong class=\"font-semibold\">So funktioniert es:<\/strong><\/p>\n<ol class=\"list-inside list-decimal py-1.5 pl-5xl text-sm [&amp;_ol]:py-0 [&amp;_ol]:pl-4 [&amp;_ul]:py-0 [&amp;_ul]:pl-4\">\n<li class=\"[&amp;&gt;p]:inline\"><strong class=\"font-semibold\">Option 1<\/strong>: Sende deine Originalteile ein, und wir veredeln sie mit Carbon.<\/li>\n<li class=\"[&amp;&gt;p]:inline\"><strong class=\"font-semibold\">Option 2<\/strong>: Bestelle direkt fertige Teile von Carbon Modifications.<\/li>\n<\/ol>\n<p class=\"mb-3 text-sm last:mb-0\"><strong class=\"font-semibold\">Warum Carbon Modifications?<\/strong><\/p>\n<ul class=\"list-inside list-disc py-1.5 pl-5xl text-sm [&amp;_ol]:py-0 [&amp;_ol]:pl-4 [&amp;_ul]:py-0 [&amp;_ul]:pl-4\">\n<li class=\"[&amp;&gt;p]:inline\">\u00dcber 10 Jahre Erfahrung in der Herstellung von Carbonteilen.<\/li>\n<li class=\"[&amp;&gt;p]:inline\">Perfekte Kombination aus Funktionalit\u00e4t und Design.<\/li>\n<li class=\"[&amp;&gt;p]:inline\">Zufriedene Kunden weltweit.<\/li>\n<\/ul>\n<p class=\"mb-3 text-sm last:mb-0\">Bestelle jetzt deine\u00a0<strong class=\"font-semibold\">VW Golf Carbon Spiegelkappen<\/strong>\u00a0und erlebe die Faszination von Carbon im Design deines VW Golf!<\/p>\n","protected":false},"excerpt":{"rendered":"<p>Package contents:<br \/>\n1x Spiegelkappen links + rechts<\/p>\n<p>Passend f\u00fcr Golf\u00a0 \/ R \/ GTI \/ GTD<\/p>","protected":false},"featured_media":7069,"comment_status":"closed","ping_status":"closed","template":"","meta":[],"product_brand":[],"product_cat":[198,378,381,422,423],"product_tag":[],"class_list":{"0":"post-7051","1":"product","2":"type-product","3":"status-publish","4":"has-post-thumbnail","6":"product_cat-finished-parts-fertigteile","7":"product_cat-volkswagen","8":"product_cat-golf-7","9":"product_cat-golf-6-r-gti-gtd","10":"product_cat-scirocco-r","11":"product_shipping_class-standardversand","13":"first","14":"instock","15":"taxable","16":"shipping-taxable","17":"purchasable","18":"product-type-simple"},"jetpack_sharing_enabled":true,"_links":{"self":[{"href":"https:\/\/carbon-modifications.com\/en\/wp-json\/wp\/v2\/product\/7051","targetHints":{"allow":["GET"]}}],"collection":[{"href":"https:\/\/carbon-modifications.com\/en\/wp-json\/wp\/v2\/product"}],"about":[{"href":"https:\/\/carbon-modifications.com\/en\/wp-json\/wp\/v2\/types\/product"}],"replies":[{"embeddable":true,"href":"https:\/\/carbon-modifications.com\/en\/wp-json\/wp\/v2\/comments?post=7051"}],"wp:featuredmedia":[{"embeddable":true,"href":"https:\/\/carbon-modifications.com\/en\/wp-json\/wp\/v2\/media\/7069"}],"wp:attachment":[{"href":"https:\/\/carbon-modifications.com\/en\/wp-json\/wp\/v2\/media?parent=7051"}],"wp:term":[{"taxonomy":"product_brand","embeddable":true,"href":"https:\/\/carbon-modifications.com\/en\/wp-json\/wp\/v2\/product_brand?post=7051"},{"taxonomy":"product_cat","embeddable":true,"href":"https:\/\/carbon-modifications.com\/en\/wp-json\/wp\/v2\/product_cat?post=7051"},{"taxonomy":"product_tag","embeddable":true,"href":"https:\/\/carbon-modifications.com\/en\/wp-json\/wp\/v2\/product_tag?post=7051"}],"curies":[{"name":"wp","href":"https:\/\/api.w.org\/{rel}","templated":true}]}}