{"id":6942,"date":"2025-02-05T19:23:28","date_gmt":"2025-02-05T18:23:28","guid":{"rendered":"https:\/\/carbon-modifications.com\/?post_type=product&#038;p=6942"},"modified":"2026-03-15T21:40:29","modified_gmt":"2026-03-15T20:40:29","slug":"alfa-romeo-carbon-scudetto","status":"publish","type":"product","link":"https:\/\/carbon-modifications.com\/en\/produkt\/alfa-romeo-carbon-scudetto\/","title":{"rendered":"Alfa Romeo Carbon Scudetto - Premium radiator grille upgrade"},"content":{"rendered":"<p class=\"mb-3 text-sm last:mb-0\"><strong class=\"font-semibold\">Alfa Romeo Carbon Scudetto \u2013 Das perfekte Upgrade f\u00fcr deinen K\u00fchlergrill<\/strong><\/p>\n<p class=\"mb-3 text-sm last:mb-0\">Verleihe deinem Alfa Romeo eine sportliche und luxuri\u00f6se Note mit unserem\u00a0<strong class=\"font-semibold\">Carbon Scudetto<\/strong>. Jedes Teil wird in sorgf\u00e4ltiger Handarbeit gefertigt, um h\u00f6chste Qualit\u00e4t und eine perfekte Passform zu garantieren.<\/p>\n<p class=\"mb-3 text-sm last:mb-0\"><strong class=\"font-semibold\">Warum unser Carbon Scudetto?<\/strong><\/p>\n<ol class=\"list-inside list-decimal py-1.5 pl-5xl text-sm [&amp;_ol]:py-0 [&amp;_ol]:pl-4 [&amp;_ul]:py-0 [&amp;_ul]:pl-4\">\n<li class=\"[&amp;&gt;p]:inline\"><strong class=\"font-semibold\">Perfekte Passform<\/strong>: Ma\u00dfgeschneidert f\u00fcr Alfa Romeo Modelle, nahtlose Integration in das Fahrzeugdesign.<\/li>\n<li class=\"[&amp;&gt;p]:inline\"><strong class=\"font-semibold\">Hochwertige Materialien<\/strong>: Carbonstruktur f\u00fcr eine edle und sportliche Optik.<\/li>\n<li class=\"[&amp;&gt;p]:inline\"><strong class=\"font-semibold\">Individuelle Anpassung<\/strong>: W\u00e4hle aus verschiedenen Gewebearten und Finish-Lackierungen.<\/li>\n<li class=\"[&amp;&gt;p]:inline\"><strong class=\"font-semibold\">Langlebigkeit<\/strong>: Robuste Verarbeitung f\u00fcr eine lange Lebensdauer.<\/li>\n<li class=\"[&amp;&gt;p]:inline\"><strong class=\"font-semibold\">Nachhaltige Produktion<\/strong>: Umweltfreundlich hergestellt mit Fokus auf Qualit\u00e4t.<\/li>\n<\/ol>\n<p class=\"mb-3 text-sm last:mb-0\"><strong class=\"font-semibold\">Technische Details:<\/strong><\/p>\n<ul class=\"list-inside list-disc py-1.5 pl-5xl text-sm [&amp;_ol]:py-0 [&amp;_ol]:pl-4 [&amp;_ul]:py-0 [&amp;_ul]:pl-4\">\n<li class=\"[&amp;&gt;p]:inline\"><strong class=\"font-semibold\">Material<\/strong>: Hochwertiges Carbon<\/li>\n<li class=\"[&amp;&gt;p]:inline\"><strong class=\"font-semibold\">Kompatibilit\u00e4t<\/strong>: Alfa Romeo Modelle<\/li>\n<li class=\"[&amp;&gt;p]:inline\"><strong class=\"font-semibold\">Optionen<\/strong>: Verschiedene Gewebearten und Lackierungen verf\u00fcgbar<\/li>\n<li class=\"[&amp;&gt;p]:inline\"><strong class=\"font-semibold\">Verarbeitung<\/strong>: Handgefertigt in Deutschland<\/li>\n<\/ul>\n<p class=\"mb-3 text-sm last:mb-0\"><strong class=\"font-semibold\">So funktioniert es:<\/strong><\/p>\n<ol class=\"list-inside list-decimal py-1.5 pl-5xl text-sm [&amp;_ol]:py-0 [&amp;_ol]:pl-4 [&amp;_ul]:py-0 [&amp;_ul]:pl-4\">\n<li class=\"[&amp;&gt;p]:inline\"><strong class=\"font-semibold\">Option 1<\/strong>: Sende deine Originalteile ein, und wir veredeln sie mit Carbon.<\/li>\n<li class=\"[&amp;&gt;p]:inline\"><strong class=\"font-semibold\">Option 2<\/strong>: Bestelle direkt fertige Teile von Carbon Modifications.<\/li>\n<\/ol>\n<p class=\"mb-3 text-sm last:mb-0\"><strong class=\"font-semibold\">Warum Carbon Modifications?<\/strong><\/p>\n<ul class=\"list-inside list-disc py-1.5 pl-5xl text-sm [&amp;_ol]:py-0 [&amp;_ol]:pl-4 [&amp;_ul]:py-0 [&amp;_ul]:pl-4\">\n<li class=\"[&amp;&gt;p]:inline\">\u00dcber 10 Jahre Erfahrung in der Herstellung von Carbonteilen.<\/li>\n<li class=\"[&amp;&gt;p]:inline\">Perfekte Kombination aus Funktionalit\u00e4t und Design.<\/li>\n<li class=\"[&amp;&gt;p]:inline\">Zufriedene Kunden weltweit.<\/li>\n<\/ul>\n<p class=\"mb-3 text-sm last:mb-0\">Bestelle jetzt dein\u00a0<strong class=\"font-semibold\">Alfa Romeo Carbon Scudetto<\/strong>\u00a0und erlebe die Faszination von Carbon im Design deines Alfa Romeo!<\/p>\n","protected":false},"excerpt":{"rendered":"<p>Scope of delivery: 1x Alfa Romeo 164 mirror caps left+right<\/p>","protected":false},"featured_media":6945,"comment_status":"closed","ping_status":"closed","template":"","meta":[],"product_brand":[],"product_cat":[198,390,391],"product_tag":[394,395,396,392,393],"class_list":{"0":"post-6942","1":"product","2":"type-product","3":"status-publish","4":"has-post-thumbnail","6":"product_cat-finished-parts-fertigteile","7":"product_cat-alfa-romeo","8":"product_cat-alfa-romeo-164","9":"product_tag-394","10":"product_tag-3-0","11":"product_tag-v6","12":"product_tag-alfa","13":"product_tag-alfa-romoe","14":"product_shipping_class-standardversand","16":"first","17":"instock","18":"taxable","19":"shipping-taxable","20":"purchasable","21":"product-type-simple"},"jetpack_sharing_enabled":true,"_links":{"self":[{"href":"https:\/\/carbon-modifications.com\/en\/wp-json\/wp\/v2\/product\/6942","targetHints":{"allow":["GET"]}}],"collection":[{"href":"https:\/\/carbon-modifications.com\/en\/wp-json\/wp\/v2\/product"}],"about":[{"href":"https:\/\/carbon-modifications.com\/en\/wp-json\/wp\/v2\/types\/product"}],"replies":[{"embeddable":true,"href":"https:\/\/carbon-modifications.com\/en\/wp-json\/wp\/v2\/comments?post=6942"}],"wp:featuredmedia":[{"embeddable":true,"href":"https:\/\/carbon-modifications.com\/en\/wp-json\/wp\/v2\/media\/6945"}],"wp:attachment":[{"href":"https:\/\/carbon-modifications.com\/en\/wp-json\/wp\/v2\/media?parent=6942"}],"wp:term":[{"taxonomy":"product_brand","embeddable":true,"href":"https:\/\/carbon-modifications.com\/en\/wp-json\/wp\/v2\/product_brand?post=6942"},{"taxonomy":"product_cat","embeddable":true,"href":"https:\/\/carbon-modifications.com\/en\/wp-json\/wp\/v2\/product_cat?post=6942"},{"taxonomy":"product_tag","embeddable":true,"href":"https:\/\/carbon-modifications.com\/en\/wp-json\/wp\/v2\/product_tag?post=6942"}],"curies":[{"name":"wp","href":"https:\/\/api.w.org\/{rel}","templated":true}]}}