{"id":3827,"date":"2024-11-17T18:35:36","date_gmt":"2024-11-17T17:35:36","guid":{"rendered":"https:\/\/carbon-modifications.com\/?post_type=product&#038;p=3827"},"modified":"2026-03-16T00:34:05","modified_gmt":"2026-03-15T23:34:05","slug":"carbon-dashboard-moldings-open-pore","status":"publish","type":"product","link":"https:\/\/carbon-modifications.com\/en\/produkt\/carbon-amaturenbrettleisten-offenporig\/","title":{"rendered":"Open-pore carbon dashboard trims - Premium interior upgrade"},"content":{"rendered":"<p class=\"mb-3 text-sm last:mb-0\"><strong class=\"font-semibold\">Carbon Amaturenbrettleisten Offenporig \u2013 Das perfekte Upgrade f\u00fcr dein Interieur<\/strong><\/p>\n<p class=\"mb-3 text-sm last:mb-0\">Verleihe deinem Fahrzeug eine sportliche und luxuri\u00f6se Note mit unseren\u00a0<strong class=\"font-semibold\">Carbon Amaturenbrettleisten mit offenporiger Struktur<\/strong>. Jedes Teil wird in sorgf\u00e4ltiger Handarbeit gefertigt, um h\u00f6chste Qualit\u00e4t und eine perfekte Passform zu garantieren.<\/p>\n<p class=\"mb-3 text-sm last:mb-0\"><strong class=\"font-semibold\">Warum unsere Carbon Amaturenbrettleisten?<\/strong><\/p>\n<ol class=\"list-inside list-decimal py-1.5 pl-5xl text-sm [&amp;_ol]:py-0 [&amp;_ol]:pl-4 [&amp;_ul]:py-0 [&amp;_ul]:pl-4\">\n<li class=\"[&amp;&gt;p]:inline\"><strong class=\"font-semibold\">Perfekte Passform<\/strong>: Ma\u00dfgeschneidert f\u00fcr dein Fahrzeug, nahtlose Integration in das Interieur.<\/li>\n<li class=\"[&amp;&gt;p]:inline\"><strong class=\"font-semibold\">Hochwertige Materialien<\/strong>: Offenporige Carbonstruktur f\u00fcr eine edle und sportliche Optik.<\/li>\n<li class=\"[&amp;&gt;p]:inline\"><strong class=\"font-semibold\">Individuelle Anpassung<\/strong>: W\u00e4hle aus verschiedenen Gewebearten und Akzentfarben.<\/li>\n<li class=\"[&amp;&gt;p]:inline\"><strong class=\"font-semibold\">Langlebigkeit<\/strong>: Robuste Verarbeitung f\u00fcr eine lange Lebensdauer.<\/li>\n<li class=\"[&amp;&gt;p]:inline\"><strong class=\"font-semibold\">Nachhaltige Produktion<\/strong>: Umweltfreundlich hergestellt mit Fokus auf Qualit\u00e4t.<\/li>\n<\/ol>\n<p class=\"mb-3 text-sm last:mb-0\"><strong class=\"font-semibold\">Technische Details:<\/strong><\/p>\n<ul class=\"list-inside list-disc py-1.5 pl-5xl text-sm [&amp;_ol]:py-0 [&amp;_ol]:pl-4 [&amp;_ul]:py-0 [&amp;_ul]:pl-4\">\n<li class=\"[&amp;&gt;p]:inline\"><strong class=\"font-semibold\">Material<\/strong>: Hochwertiges Carbon mit offenporiger Struktur<\/li>\n<li class=\"[&amp;&gt;p]:inline\"><strong class=\"font-semibold\">Kompatibilit\u00e4t<\/strong>: Verschiedene Fahrzeugmodelle<\/li>\n<li class=\"[&amp;&gt;p]:inline\"><strong class=\"font-semibold\">Optionen<\/strong>: Verschiedene Gewebearten, Akzentfarben und Veredelungsm\u00f6glichkeiten verf\u00fcgbar<\/li>\n<li class=\"[&amp;&gt;p]:inline\"><strong class=\"font-semibold\">Verarbeitung<\/strong>: Handgefertigt in Deutschland<\/li>\n<\/ul>\n<p class=\"mb-3 text-sm last:mb-0\"><strong class=\"font-semibold\">So funktioniert es:<\/strong><\/p>\n<ol class=\"list-inside list-decimal py-1.5 pl-5xl text-sm [&amp;_ol]:py-0 [&amp;_ol]:pl-4 [&amp;_ul]:py-0 [&amp;_ul]:pl-4\">\n<li class=\"[&amp;&gt;p]:inline\"><strong class=\"font-semibold\">Option 1<\/strong>: Sende deine Originalteile ein, und wir veredeln sie mit Carbon.<\/li>\n<li class=\"[&amp;&gt;p]:inline\"><strong class=\"font-semibold\">Option 2<\/strong>: Bestelle direkt fertige Teile von Carbon Modifications.<\/li>\n<li class=\"[&amp;&gt;p]:inline\"><strong class=\"font-semibold\">Option 3<\/strong>: W\u00e4hle den Austauschservice mit Pfandoption.<\/li>\n<\/ol>\n<p class=\"mb-3 text-sm last:mb-0\"><strong class=\"font-semibold\">Warum Carbon Modifications?<\/strong><\/p>\n<ul class=\"list-inside list-disc py-1.5 pl-5xl text-sm [&amp;_ol]:py-0 [&amp;_ol]:pl-4 [&amp;_ul]:py-0 [&amp;_ul]:pl-4\">\n<li class=\"[&amp;&gt;p]:inline\">\u00dcber 10 Jahre Erfahrung in der Herstellung von Carbonteilen.<\/li>\n<li class=\"[&amp;&gt;p]:inline\">Perfekte Kombination aus Funktionalit\u00e4t und Design.<\/li>\n<li class=\"[&amp;&gt;p]:inline\">Zufriedene Kunden weltweit.<\/li>\n<\/ul>\n<p class=\"mb-3 text-sm last:mb-0\">Bestelle jetzt deine\u00a0<strong class=\"font-semibold\">Carbon Amaturenbrettleisten Offenporig<\/strong>\u00a0und erlebe die Faszination von Carbon im Interieur deines Fahrzeugs!<\/p>\n","protected":false},"excerpt":{"rendered":"<p>Package contents:<br \/>\n1x Aluminum trim for dashboard left and right<\/p>\n<p>(Fits BMW F20, F21, F22, F23, F87)<\/p>\n<p>Original Part Number: (multiple may apply)<\/p>\n<ul>\n<li>Cover i-panel 51459205366 \/ 51459205365 \/51459205378<\/li>\n<li>Driver's side i-panel panel 51459205365 \/ 51459205364 \/51459205377 \/51458064271<\/li>\n<li><\/li>\n<\/ul>","protected":false},"featured_media":3839,"comment_status":"closed","ping_status":"closed","template":"","meta":[],"product_brand":[],"product_cat":[203,109,198,201,202],"product_tag":[329,333,359,361,50,362,363,364,365],"class_list":{"0":"post-3827","1":"product","2":"type-product","3":"status-publish","4":"has-post-thumbnail","6":"product_cat-bmw-f22-f23","7":"product_cat-sale-angebote","8":"product_cat-finished-parts-fertigteile","9":"product_cat-bmw","10":"product_cat-f20-f21","11":"product_tag-bmw","12":"product_tag-bimmer","13":"product_tag-offenporig","14":"product_tag-f20","15":"product_tag-fasern","16":"product_tag-f21","17":"product_tag-f23","18":"product_tag-f22","19":"product_tag-f87","20":"product_shipping_class-standardversand","22":"first","23":"instock","24":"sale","25":"taxable","26":"shipping-taxable","27":"purchasable","28":"product-type-simple"},"jetpack_sharing_enabled":true,"_links":{"self":[{"href":"https:\/\/carbon-modifications.com\/en\/wp-json\/wp\/v2\/product\/3827","targetHints":{"allow":["GET"]}}],"collection":[{"href":"https:\/\/carbon-modifications.com\/en\/wp-json\/wp\/v2\/product"}],"about":[{"href":"https:\/\/carbon-modifications.com\/en\/wp-json\/wp\/v2\/types\/product"}],"replies":[{"embeddable":true,"href":"https:\/\/carbon-modifications.com\/en\/wp-json\/wp\/v2\/comments?post=3827"}],"wp:featuredmedia":[{"embeddable":true,"href":"https:\/\/carbon-modifications.com\/en\/wp-json\/wp\/v2\/media\/3839"}],"wp:attachment":[{"href":"https:\/\/carbon-modifications.com\/en\/wp-json\/wp\/v2\/media?parent=3827"}],"wp:term":[{"taxonomy":"product_brand","embeddable":true,"href":"https:\/\/carbon-modifications.com\/en\/wp-json\/wp\/v2\/product_brand?post=3827"},{"taxonomy":"product_cat","embeddable":true,"href":"https:\/\/carbon-modifications.com\/en\/wp-json\/wp\/v2\/product_cat?post=3827"},{"taxonomy":"product_tag","embeddable":true,"href":"https:\/\/carbon-modifications.com\/en\/wp-json\/wp\/v2\/product_tag?post=3827"}],"curies":[{"name":"wp","href":"https:\/\/api.w.org\/{rel}","templated":true}]}}