{"id":15554,"date":"2026-04-23T13:59:26","date_gmt":"2026-04-23T12:59:26","guid":{"rendered":"https:\/\/carbon-modifications.com\/?post_type=product&#038;p=15554"},"modified":"2026-04-23T14:25:51","modified_gmt":"2026-04-23T13:25:51","slug":"porsche-981-cayman-carbon-uhrengehaeuse-2","status":"publish","type":"product","link":"https:\/\/carbon-modifications.com\/en\/produkt\/porsche-981-cayman-carbon-uhrengehaeuse-2\/","title":{"rendered":"Porsche 997 Rear Center Console Storage Compartment \u2013 Premium Carbon Upgrade"},"content":{"rendered":"<p class=\"mb-3 text-sm last:mb-0\"><strong class=\"font-semibold\">Carbon Porsche 997 Ablagefach Mittelkonsole \u2013 Das perfekte Upgrade f\u00fcr dein Interieur<\/strong><\/p>\n<p class=\"mb-3 text-sm last:mb-0\"><strong>Verleihe deinem Porsche 997 eine sportliche und luxuri\u00f6se Note mit unsere<\/strong><strong class=\"font-semibold\">r Carbon <\/strong><strong>Mittelkonsole. Jedes Teil wird in sorgf\u00e4ltiger Handarbeit gefertigt, um h\u00f6chste Qualit\u00e4t und eine perfekte Passform zu garantieren.<\/strong><\/p>\n<p class=\"mb-3 text-sm last:mb-0\"><strong class=\"font-semibold\">Warum unser Carbon Ablagefach?<\/strong><\/p>\n<ol class=\"list-inside list-decimal py-1.5 pl-5xl text-sm [&amp;_ol]:py-0 [&amp;_ol]:pl-4 [&amp;_ul]:py-0 [&amp;_ul]:pl-4\">\n<li><strong>p]:inline&#8220;&gt;<\/strong><strong class=\"font-semibold\">Perfekte Passform<\/strong><strong>: Ma\u00dfgeschneidert f\u00fcr die Porsche 997 Baureihe , nahtlose Integration in das Interieur.<\/strong><\/li>\n<li><strong>p]:inline&#8220;&gt;<\/strong><strong class=\"font-semibold\">Hochwertige Materialien<\/strong><strong>: Carbonstruktur f\u00fcr eine edle und sportliche Optik.<\/strong><\/li>\n<li><strong>p]:inline&#8220;&gt;<\/strong><strong class=\"font-semibold\">Individuelle Anpassung<\/strong><strong>: W\u00e4hle aus verschiedenen Gewebearten und Finish-Lackierungen.<\/strong><\/li>\n<li><strong>p]:inline&#8220;&gt;<\/strong><strong class=\"font-semibold\">Langlebigkeit<\/strong><strong>: Robuste Verarbeitung f\u00fcr eine lange Lebensdauer.<\/strong><\/li>\n<li><strong>p]:inline&#8220;&gt;<\/strong><strong class=\"font-semibold\">Nachhaltige Produktion<\/strong><strong>: Umweltfreundlich hergestellt mit Fokus auf Qualit\u00e4t.<\/strong><\/li>\n<\/ol>\n<p class=\"mb-3 text-sm last:mb-0\"><strong class=\"font-semibold\">Technische Details:<\/strong><\/p>\n<ul class=\"list-inside list-disc py-1.5 pl-5xl text-sm [&amp;_ol]:py-0 [&amp;_ol]:pl-4 [&amp;_ul]:py-0 [&amp;_ul]:pl-4\">\n<li><strong>p]:inline&#8220;&gt;<\/strong><strong class=\"font-semibold\">Material<\/strong><strong>: Hochwertiges Carbon<\/strong><\/li>\n<li><strong>p]:inline&#8220;&gt;<\/strong><strong class=\"font-semibold\">Kompatibilit\u00e4t<\/strong><strong>: Porsche 997 Modelle<\/strong><\/li>\n<li><strong>p]:inline&#8220;&gt;<\/strong><strong class=\"font-semibold\">Optionen<\/strong><strong>: Verschiedene Gewebearten und Lackierungen verf\u00fcgbar<\/strong><\/li>\n<li><strong>p]:inline&#8220;&gt;<\/strong><strong class=\"font-semibold\">Verarbeitung<\/strong><strong>: Handgefertigt in Deutschland<\/strong><\/li>\n<\/ul>\n<p class=\"mb-3 text-sm last:mb-0\"><strong class=\"font-semibold\">So funktioniert es:<\/strong><\/p>\n<ol class=\"list-inside list-decimal py-1.5 pl-5xl text-sm [&amp;_ol]:py-0 [&amp;_ol]:pl-4 [&amp;_ul]:py-0 [&amp;_ul]:pl-4\">\n<li><strong>p]:inline&#8220;&gt;<\/strong><strong class=\"font-semibold\">Option 1<\/strong><strong>: Sende deine Originalteile ein, und wir veredeln sie mit Carbon.<\/strong><\/li>\n<li><strong>p]:inline&#8220;&gt;<\/strong><strong class=\"font-semibold\">Option 2<\/strong><strong>: Bestelle direkt fertige Teile von Carbon Modifications.<\/strong><\/li>\n<\/ol>\n<p class=\"mb-3 text-sm last:mb-0\"><strong class=\"font-semibold\">Warum Carbon Modifications?<\/strong><\/p>\n<ul class=\"list-inside list-disc py-1.5 pl-5xl text-sm [&amp;_ol]:py-0 [&amp;_ol]:pl-4 [&amp;_ul]:py-0 [&amp;_ul]:pl-4\">\n<li><strong>p]:inline&#8220;&gt;\u00dcber 10 Jahre Erfahrung in der Herstellung von Carbonteilen.<\/strong><\/li>\n<li><strong>p]:inline&#8220;&gt;Perfekte Kombination aus Funktionalit\u00e4t und Design.<\/strong><\/li>\n<li><strong>p]:inline&#8220;&gt;Zufriedene Kunden weltweit.<\/strong><\/li>\n<\/ul>\n<p class=\"mb-3 text-sm last:mb-0\"><strong>Bestelle jetzt dein&nbsp;<\/strong><strong class=\"font-semibold\">Porsche 997 Carbon Ablagefach Mittelkonsole<\/strong><strong>&nbsp;und erlebe die Faszination von Carbon im Innenraum deines Porsche!<\/strong><\/p>\n","protected":false},"excerpt":{"rendered":"<p><strong>Package contents:<br \/>\n1x paar Ablagefach Mittelkonsole hinten<\/strong><\/p>\n<p><strong>Suitable for: Porsche 997 Series <\/strong><\/p>\n<p><strong>Turbo, Targa, Carrera, GT3, GT3RS, GT2<\/strong><\/p>","protected":false},"featured_media":15555,"comment_status":"closed","ping_status":"closed","template":"","meta":[],"product_brand":[],"product_cat":[198,455,524],"product_tag":[],"class_list":{"0":"post-15554","1":"product","2":"type-product","3":"status-publish","4":"has-post-thumbnail","6":"product_cat-finished-parts-fertigteile","7":"product_cat-porsche","8":"product_cat-997-turbo-gt2-gt3-gt3rs","9":"product_shipping_class-standardversand","11":"first","12":"instock","13":"taxable","14":"shipping-taxable","15":"purchasable","16":"product-type-simple"},"jetpack_sharing_enabled":true,"_links":{"self":[{"href":"https:\/\/carbon-modifications.com\/en\/wp-json\/wp\/v2\/product\/15554","targetHints":{"allow":["GET"]}}],"collection":[{"href":"https:\/\/carbon-modifications.com\/en\/wp-json\/wp\/v2\/product"}],"about":[{"href":"https:\/\/carbon-modifications.com\/en\/wp-json\/wp\/v2\/types\/product"}],"replies":[{"embeddable":true,"href":"https:\/\/carbon-modifications.com\/en\/wp-json\/wp\/v2\/comments?post=15554"}],"wp:featuredmedia":[{"embeddable":true,"href":"https:\/\/carbon-modifications.com\/en\/wp-json\/wp\/v2\/media\/15555"}],"wp:attachment":[{"href":"https:\/\/carbon-modifications.com\/en\/wp-json\/wp\/v2\/media?parent=15554"}],"wp:term":[{"taxonomy":"product_brand","embeddable":true,"href":"https:\/\/carbon-modifications.com\/en\/wp-json\/wp\/v2\/product_brand?post=15554"},{"taxonomy":"product_cat","embeddable":true,"href":"https:\/\/carbon-modifications.com\/en\/wp-json\/wp\/v2\/product_cat?post=15554"},{"taxonomy":"product_tag","embeddable":true,"href":"https:\/\/carbon-modifications.com\/en\/wp-json\/wp\/v2\/product_tag?post=15554"}],"curies":[{"name":"wp","href":"https:\/\/api.w.org\/{rel}","templated":true}]}}