{"id":15540,"date":"2026-04-22T19:56:05","date_gmt":"2026-04-22T18:56:05","guid":{"rendered":"https:\/\/carbon-modifications.com\/?post_type=product&#038;p=15540"},"modified":"2026-04-22T19:59:20","modified_gmt":"2026-04-22T18:59:20","slug":"audi-r8-carbon-sitzschalen-premium-upgrade-fuer-dein-fahrzeug-2-2-2-2-2","status":"publish","type":"product","link":"https:\/\/carbon-modifications.com\/en\/produkt\/audi-r8-carbon-sitzschalen-premium-upgrade-fuer-dein-fahrzeug-2-2-2-2-2\/","title":{"rendered":"Audi R8 Carbon Sitzverkleidung  \u2013 Premium Upgrade f\u00fcr dein Fahrzeug"},"content":{"rendered":"<p class=\"mb-3 text-sm last:mb-0\"><strong class=\"font-semibold\">Audi R8 Carbon Sitzverkleidung\u2013 Das perfekte Upgrade f\u00fcr dein Interieur<\/strong><\/p>\n<p class=\"mb-3 text-sm last:mb-0\"><strong>Verleihe deinem Audi eine sportliche und luxuri\u00f6se Note mit unserer&nbsp;<\/strong><strong class=\"font-semibold\">Carbon <\/strong><strong>Sitzverkleidung. Jedes Teil wird in sorgf\u00e4ltiger Handarbeit gefertigt, um h\u00f6chste Qualit\u00e4t und eine perfekte Passform zu garantieren.<\/strong><\/p>\n<p class=\"mb-3 text-sm last:mb-0\"><strong class=\"font-semibold\">Warum unsere Carbon Sitzverkleidung ?<\/strong><\/p>\n<ol class=\"list-inside list-decimal py-1.5 pl-5xl text-sm [&amp;_ol]:py-0 [&amp;_ol]:pl-4 [&amp;_ul]:py-0 [&amp;_ul]:pl-4\">\n<li><strong>p]:inline&#8220;&gt;<\/strong><strong class=\"font-semibold\">Perfekte Passform<\/strong><strong>: Ma\u00dfgeschneidert f\u00fcr Audi-Modelle, nahtlose Integration in das Fahrzeugdesign.<\/strong><\/li>\n<li><strong>p]:inline&#8220;&gt;<\/strong><strong class=\"font-semibold\">Hochwertige Materialien<\/strong><strong>: Carbonstruktur f\u00fcr eine edle und sportliche Optik.<\/strong><\/li>\n<li><strong>p]:inline&#8220;&gt;<\/strong><strong class=\"font-semibold\">Individuelle Anpassung<\/strong><strong>: W\u00e4hle aus verschiedenen Gewebearten und Finish-Lackierungen.<\/strong><\/li>\n<li><strong>p]:inline&#8220;&gt;<\/strong><strong class=\"font-semibold\">Langlebigkeit<\/strong><strong>: Robuste Verarbeitung f\u00fcr eine lange Lebensdauer.<\/strong><\/li>\n<li><strong>p]:inline&#8220;&gt;<\/strong><strong class=\"font-semibold\">Nachhaltige Produktion<\/strong><strong>: Umweltfreundlich hergestellt mit Fokus auf Qualit\u00e4t.<\/strong><\/li>\n<\/ol>\n<p class=\"mb-3 text-sm last:mb-0\"><strong class=\"font-semibold\">Technische Details:<\/strong><\/p>\n<ul class=\"list-inside list-disc py-1.5 pl-5xl text-sm [&amp;_ol]:py-0 [&amp;_ol]:pl-4 [&amp;_ul]:py-0 [&amp;_ul]:pl-4\">\n<li><strong>p]:inline&#8220;&gt;<\/strong><strong class=\"font-semibold\">Material<\/strong><strong>: Hochwertiges Carbon<\/strong><\/li>\n<li><strong>p]:inline&#8220;&gt;<\/strong><strong class=\"font-semibold\">Kompatibilit\u00e4t<\/strong><strong>: Audi-Modelle<\/strong><\/li>\n<li><strong>p]:inline&#8220;&gt;<\/strong><strong class=\"font-semibold\">Optionen<\/strong><strong>: Verschiedene Gewebearten und Lackierungen verf\u00fcgbar<\/strong><\/li>\n<li><strong>p]:inline&#8220;&gt;<\/strong><strong class=\"font-semibold\">Verarbeitung<\/strong><strong>: Handgefertigt in Deutschland<\/strong><\/li>\n<\/ul>\n<p class=\"mb-3 text-sm last:mb-0\"><strong class=\"font-semibold\">So funktioniert es:<\/strong><\/p>\n<ol class=\"list-inside list-decimal py-1.5 pl-5xl text-sm [&amp;_ol]:py-0 [&amp;_ol]:pl-4 [&amp;_ul]:py-0 [&amp;_ul]:pl-4\">\n<li><strong>p]:inline&#8220;&gt;<\/strong><strong class=\"font-semibold\">Option 1<\/strong><strong>: Sende deine Originalteile ein, und wir veredeln sie mit Carbon.<\/strong><\/li>\n<li><strong>p]:inline&#8220;&gt;<\/strong><strong class=\"font-semibold\">Option 2<\/strong><strong>: Bestelle direkt fertige Teile von Carbon Modifications.<\/strong><\/li>\n<\/ol>\n<p class=\"mb-3 text-sm last:mb-0\"><strong class=\"font-semibold\">Warum Carbon Modifications?<\/strong><\/p>\n<ul class=\"list-inside list-disc py-1.5 pl-5xl text-sm [&amp;_ol]:py-0 [&amp;_ol]:pl-4 [&amp;_ul]:py-0 [&amp;_ul]:pl-4\">\n<li><strong>p]:inline&#8220;&gt;\u00dcber 10 Jahre Erfahrung in der Herstellung von Carbonteilen.<\/strong><\/li>\n<li><strong>p]:inline&#8220;&gt;Perfekte Kombination aus Funktionalit\u00e4t und Design.<\/strong><\/li>\n<li><strong>p]:inline&#8220;&gt;Zufriedene Kunden weltweit.<\/strong><\/li>\n<\/ul>\n<p class=\"mb-3 text-sm last:mb-0\"><strong>Bestelle jetzt deine <\/strong><strong class=\"font-semibold\">Audi R8 Carbon Sitzverkleidung und<\/strong><strong> erlebe die Faszination von Carbon im Interieur deines Audi!<\/strong><\/p>\n","protected":false},"excerpt":{"rendered":"<p><strong>Scope of delivery:<\/strong><\/p>\n<p><strong>1x Sitzverkleidung Fahrer und Beifahrersitz <\/strong><\/p>\n<p><strong>*Rohteil nicht im Lieferumfang inbegriffen*<\/strong><\/p>","protected":false},"featured_media":15547,"comment_status":"closed","ping_status":"closed","template":"","meta":[],"product_brand":[],"product_cat":[385,198,199],"product_tag":[60,355,348,349,350,351,352,353,354],"class_list":{"0":"post-15540","1":"product","2":"type-product","3":"status-publish","4":"has-post-thumbnail","6":"product_cat-audi-r8-facelift","7":"product_cat-finished-parts-fertigteile","8":"product_cat-audi","9":"product_tag-carbon","10":"product_tag-rs6","11":"product_tag-audi","12":"product_tag-r8","13":"product_tag-tt","14":"product_tag-ttrs","15":"product_tag-rs3","16":"product_tag-rs4","17":"product_tag-rs5","18":"product_shipping_class-standardversand","20":"first","21":"instock","22":"featured","23":"taxable","24":"shipping-taxable","25":"purchasable","26":"product-type-simple"},"jetpack_sharing_enabled":true,"_links":{"self":[{"href":"https:\/\/carbon-modifications.com\/en\/wp-json\/wp\/v2\/product\/15540","targetHints":{"allow":["GET"]}}],"collection":[{"href":"https:\/\/carbon-modifications.com\/en\/wp-json\/wp\/v2\/product"}],"about":[{"href":"https:\/\/carbon-modifications.com\/en\/wp-json\/wp\/v2\/types\/product"}],"replies":[{"embeddable":true,"href":"https:\/\/carbon-modifications.com\/en\/wp-json\/wp\/v2\/comments?post=15540"}],"wp:featuredmedia":[{"embeddable":true,"href":"https:\/\/carbon-modifications.com\/en\/wp-json\/wp\/v2\/media\/15547"}],"wp:attachment":[{"href":"https:\/\/carbon-modifications.com\/en\/wp-json\/wp\/v2\/media?parent=15540"}],"wp:term":[{"taxonomy":"product_brand","embeddable":true,"href":"https:\/\/carbon-modifications.com\/en\/wp-json\/wp\/v2\/product_brand?post=15540"},{"taxonomy":"product_cat","embeddable":true,"href":"https:\/\/carbon-modifications.com\/en\/wp-json\/wp\/v2\/product_cat?post=15540"},{"taxonomy":"product_tag","embeddable":true,"href":"https:\/\/carbon-modifications.com\/en\/wp-json\/wp\/v2\/product_tag?post=15540"}],"curies":[{"name":"wp","href":"https:\/\/api.w.org\/{rel}","templated":true}]}}